{"id":11,"date":"2024-07-01T14:31:41","date_gmt":"2024-07-01T12:31:41","guid":{"rendered":"http:\/\/kender.se\/wp\/?page_id=11"},"modified":"2024-07-01T21:09:39","modified_gmt":"2024-07-01T19:09:39","slug":"om","status":"publish","type":"page","link":"https:\/\/kender.se\/wp\/om\/","title":{"rendered":"Om"},"content":{"rendered":"\n<figure class=\"wp-block-image size-full is-resized\"><img loading=\"lazy\" decoding=\"async\" width=\"512\" height=\"512\" src=\"https:\/\/kender.se\/wp\/wp-content\/uploads\/2024\/07\/MKE_ICO.png\" alt=\"\" class=\"wp-image-6\" style=\"width:111px;height:auto\" srcset=\"https:\/\/kender.se\/wp\/wp-content\/uploads\/2024\/07\/MKE_ICO.png 512w, https:\/\/kender.se\/wp\/wp-content\/uploads\/2024\/07\/MKE_ICO-300x300.png 300w, https:\/\/kender.se\/wp\/wp-content\/uploads\/2024\/07\/MKE_ICO-150x150.png 150w\" sizes=\"auto, (max-width: 512px) 100vw, 512px\" \/><\/figure>\n\n\n\n<p class=\"has-white-color has-vivid-green-cyan-background-color has-text-color has-background has-link-color wp-elements-2138028e2c591b5bae1812b8bf78698f\">Vem vet. Jag kanske \u00e4r konstn\u00e4r och vill presentera mig sj\u00e4lv och mina arbeten h\u00e4r, eller s\u00e5 kanske inte&#8230;.<\/p>\n","protected":false},"excerpt":{"rendered":"<p>Vem vet. Jag kanske \u00e4r konstn\u00e4r och vill presentera mig sj\u00e4lv och mina arbeten h\u00e4r, eller s\u00e5 kanske inte&#8230;.<\/p>\n","protected":false},"author":1,"featured_media":8,"parent":0,"menu_order":0,"comment_status":"closed","ping_status":"closed","template":"","meta":{"_EventAllDay":false,"_EventTimezone":"","_EventStartDate":"","_EventEndDate":"","_EventStartDateUTC":"","_EventEndDateUTC":"","_EventShowMap":false,"_EventShowMapLink":false,"_EventURL":"","_EventCost":"","_EventCostDescription":"","_EventCurrencySymbol":"","_EventCurrencyCode":"","_EventCurrencyPosition":"","_EventDateTimeSeparator":"","_EventTimeRangeSeparator":"","_EventOrganizerID":[],"_EventVenueID":[],"_OrganizerEmail":"","_OrganizerPhone":"","_OrganizerWebsite":"","_VenueAddress":"","_VenueCity":"","_VenueCountry":"","_VenueProvince":"","_VenueState":"","_VenueZip":"","_VenuePhone":"","_VenueURL":"","_VenueStateProvince":"","_VenueLat":"","_VenueLng":"","_VenueShowMap":false,"_VenueShowMapLink":false,"footnotes":""},"class_list":["post-11","page","type-page","status-publish","has-post-thumbnail","hentry"],"_links":{"self":[{"href":"https:\/\/kender.se\/wp\/wp-json\/wp\/v2\/pages\/11","targetHints":{"allow":["GET"]}}],"collection":[{"href":"https:\/\/kender.se\/wp\/wp-json\/wp\/v2\/pages"}],"about":[{"href":"https:\/\/kender.se\/wp\/wp-json\/wp\/v2\/types\/page"}],"author":[{"embeddable":true,"href":"https:\/\/kender.se\/wp\/wp-json\/wp\/v2\/users\/1"}],"replies":[{"embeddable":true,"href":"https:\/\/kender.se\/wp\/wp-json\/wp\/v2\/comments?post=11"}],"version-history":[{"count":4,"href":"https:\/\/kender.se\/wp\/wp-json\/wp\/v2\/pages\/11\/revisions"}],"predecessor-version":[{"id":64,"href":"https:\/\/kender.se\/wp\/wp-json\/wp\/v2\/pages\/11\/revisions\/64"}],"wp:featuredmedia":[{"embeddable":true,"href":"https:\/\/kender.se\/wp\/wp-json\/wp\/v2\/media\/8"}],"wp:attachment":[{"href":"https:\/\/kender.se\/wp\/wp-json\/wp\/v2\/media?parent=11"}],"curies":[{"name":"wp","href":"https:\/\/api.w.org\/{rel}","templated":true}]}}